{"id":3273,"date":"2025-12-12T14:23:13","date_gmt":"2025-12-12T13:23:13","guid":{"rendered":"https:\/\/shopcleanwave.com\/lieferung-und-bezahlung\/"},"modified":"2026-03-11T21:51:31","modified_gmt":"2026-03-11T20:51:31","slug":"lieferung-und-bezahlung","status":"publish","type":"page","link":"https:\/\/shopcleanwave.com\/de\/lieferung-und-bezahlung\/","title":{"rendered":"Lieferung und Bezahlung"},"content":{"rendered":"[vc_row type=&#8220;full_width_background&#8220; full_screen_row_position=&#8220;middle&#8220; column_margin=&#8220;default&#8220; equal_height=&#8220;yes&#8220; content_placement=&#8220;top&#8220; column_direction=&#8220;default&#8220; column_direction_tablet=&#8220;default&#8220; column_direction_phone=&#8220;default&#8220; bg_image=&#8220;73&#8243; bg_position=&#8220;left top&#8220; background_image_loading=&#8220;default&#8220; bg_repeat=&#8220;no-repeat&#8220; scene_position=&#8220;center&#8220; top_padding=&#8220;8%&#8220; bottom_padding=&#8220;8%&#8220; text_color=&#8220;light&#8220; text_align=&#8220;left&#8220; row_border_radius=&#8220;none&#8220; row_border_radius_applies=&#8220;bg&#8220; overflow=&#8220;visible&#8220; color_overlay=&#8220;#FFFFFF&#8220; overlay_strength=&#8220;0.8&#8243; gradient_direction=&#8220;left_to_right&#8220; shape_divider_position=&#8220;bottom&#8220; bg_image_animation=&#8220;none&#8220; gradient_type=&#8220;default&#8220; shape_type=&#8220;&#8220;][vc_column column_padding=&#8220;padding-6-percent&#8220; column_padding_tablet=&#8220;inherit&#8220; column_padding_phone=&#8220;inherit&#8220; column_padding_position=&#8220;all&#8220; column_element_direction_desktop=&#8220;default&#8220; column_element_spacing=&#8220;default&#8220; desktop_text_alignment=&#8220;default&#8220; tablet_text_alignment=&#8220;default&#8220; phone_text_alignment=&#8220;default&#8220; background_color=&#8220;#007EFF&#8220; background_color_opacity=&#8220;1&#8243; background_hover_color_opacity=&#8220;1&#8243; column_backdrop_filter=&#8220;none&#8220; font_color=&#8220;#ffffff&#8220; column_shadow=&#8220;none&#8220; column_border_radius=&#8220;none&#8220; column_link_target=&#8220;_self&#8220; column_position=&#8220;default&#8220; gradient_direction=&#8220;left_to_right&#8220; overlay_strength=&#8220;0.3&#8243; width=&#8220;1\/2&#8243; tablet_width_inherit=&#8220;default&#8220; animation_type=&#8220;default&#8220; enable_animation=&#8220;true&#8220; animation=&#8220;flip-in-vertical&#8220; animation_easing=&#8220;default&#8220; bg_image_animation=&#8220;none&#8220; border_type=&#8220;simple&#8220; column_border_width=&#8220;none&#8220; column_border_style=&#8220;solid&#8220; column_padding_type=&#8220;default&#8220; gradient_type=&#8220;default&#8220;][vc_column_text css=&#8220;.vc_custom_1765545857926{margin-bottom: 10px !important;}&#8220; text_direction=&#8220;default&#8220;]\n<h5>Versendung von Waren<\/h5>\n[\/vc_column_text][vc_custom_heading text=&#8220;Liefermethoden&#8220; font_container=&#8220;tag:h2|font_size:44|text_align:left|color:%23ffffff|line_height:50px&#8220; use_theme_fonts=&#8220;yes&#8220; css=&#8220;&#8220;][vc_column_text css=&#8220;.vc_custom_1765545931524{margin-top: 30px !important;margin-bottom: 30px !important;}&#8220; text_direction=&#8220;default&#8220;]Wir m\u00f6chten, dass Ihre Nutzung von Clean Wave von der Bestellung bis zur Lieferung reibungslos verl\u00e4uft. Nachstehend finden Sie alles, was Sie \u00fcber Versand, Lieferzeiten und R\u00fccksendungen wissen m\u00fcssen. <\/p>\n<p><strong>Versandzeit<\/strong><\/p>\n<ul>\n<li>Polen: 1-2 Arbeitstage<\/li>\n<li>Europ\u00e4ische Union: 3-5 Arbeitstage<\/li>\n<li>Rest der Welt: 5-10 Arbeitstage (je nach Standort)<\/li>\n<\/ul>\n<p>Bestellungen, die vor 11 Uhr MEZ eingehen, werden in der Regel noch am selben Tag bearbeitet. Nach dem Versand erhalten Sie einen Link zur Sendungsverfolgung per E-Mail. <\/p>\n<p><strong>Versandpartner<\/strong><\/p>\n<p>Wir arbeiten mit zuverl\u00e4ssigen Logistikanbietern wie DHL, DPD, FedEx, Rholig Suus und InPost zusammen, um eine schnelle und sichere Zustellung in ganz Europa und dar\u00fcber hinaus zu gew\u00e4hrleisten.<\/p>\n<p><strong>Kosten f\u00fcr den Versand<\/strong><\/p>\n<ul>\n<li>Polen: Kostenloser Versand f\u00fcr alle Bestellungen<\/li>\n<li>EU-L\u00e4nder: kostenloser Versand f\u00fcr alle Bestellungen<\/li>\n<li>Andere L\u00e4nder: wird an der Kasse berechnet<\/li>\n<\/ul>\n[\/vc_column_text][\/vc_column][vc_column column_padding=&#8220;padding-6-percent&#8220; column_padding_tablet=&#8220;inherit&#8220; column_padding_phone=&#8220;inherit&#8220; column_padding_position=&#8220;all&#8220; column_element_direction_desktop=&#8220;default&#8220; column_element_spacing=&#8220;default&#8220; desktop_text_alignment=&#8220;default&#8220; tablet_text_alignment=&#8220;default&#8220; phone_text_alignment=&#8220;default&#8220; background_color=&#8220;#ffffff&#8220; background_color_opacity=&#8220;1&#8243; background_hover_color_opacity=&#8220;1&#8243; column_backdrop_filter=&#8220;none&#8220; column_shadow=&#8220;x_large_depth&#8220; column_border_radius=&#8220;none&#8220; column_link_target=&#8220;_self&#8220; column_position=&#8220;default&#8220; gradient_direction=&#8220;left_to_right&#8220; overlay_strength=&#8220;0.3&#8243; width=&#8220;1\/2&#8243; tablet_width_inherit=&#8220;default&#8220; animation_type=&#8220;default&#8220; enable_animation=&#8220;true&#8220; animation=&#8220;flip-in-vertical&#8220; animation_easing=&#8220;default&#8220; bg_image_animation=&#8220;none&#8220; border_type=&#8220;simple&#8220; column_border_width=&#8220;none&#8220; column_border_style=&#8220;solid&#8220; delay=&#8220;200&#8243;][vc_column_text css=&#8220;.vc_custom_1765545970952{margin-bottom: 10px !important;}&#8220; text_direction=&#8220;default&#8220;]\n<h5><span style=\"color: #007eff\">Zahlung f\u00fcr Ihre Bestellung<\/span><\/h5>\n[\/vc_column_text][vc_custom_heading text=&#8220;Verf\u00fcgbare Zahlungsarten&#8220; font_container=&#8220;tag:h2|font_size:44|text_align:left|color:%23007EFF|line_height:50px&#8220; use_theme_fonts=&#8220;yes&#8220; css=&#8220;&#8220;][vc_column_text css=&#8220;.vc_custom_1765546164805{margin-top: 30px !important;margin-bottom: 30px !important;}&#8220; text_direction=&#8220;default&#8220;]<span style=\"color: #007eff\">Eine Bestellung in unserem Shop kann per traditioneller Bank\u00fcberweisung oder \u00fcber das ZEN-Zahlungsgateway bezahlt werden. Das Gateway bietet unter anderem folgende Zahlungsmethoden: <\/span><\/p>\n<ul>\n<li><span style=\"color: #007eff\">Sofortige \u00dcberweisung,<\/span><\/li>\n<li><span style=\"color: #007eff\">  BLIK,<\/span><\/li>\n<li><span style=\"color: #007eff\">Zahlungskarte  <\/span><\/li>\n<li><span style=\"color: #007eff\">Google Pay \/ Apple Pay<\/span><\/li>\n<li><span style=\"color: #007eff\">ZEN-Zahlung.<\/span><\/li>\n<\/ul>\n<p><span style=\"color: #007eff\">Wir empfehlen die Sofort\u00fcberweisung, da sie die Bearbeitung Ihrer Bestellung beschleunigt. Bei einer herk\u00f6mmlichen \u00dcberweisung wird die Bestellung bearbeitet, nachdem die Zahlung auf dem Bankkonto gutgeschrieben wurde. <\/span>[\/vc_column_text][\/vc_column][\/vc_row]\n","protected":false},"excerpt":{"rendered":"<p>[vc_row type=&#8220;full_width_background&#8220; full_screen_row_position=&#8220;middle&#8220; column_margin=&#8220;default&#8220; equal_height=&#8220;yes&#8220; content_placement=&#8220;top&#8220; column_direction=&#8220;default&#8220; column_direction_tablet=&#8220;default&#8220; column_direction_phone=&#8220;default&#8220; bg_image=&#8220;73&#8243; bg_position=&#8220;left top&#8220; background_image_loading=&#8220;default&#8220; bg_repeat=&#8220;no-repeat&#8220; scene_position=&#8220;center&#8220; top_padding=&#8220;8%&#8220; bottom_padding=&#8220;8%&#8220; text_color=&#8220;light&#8220; text_align=&#8220;left&#8220; row_border_radius=&#8220;none&#8220; row_border_radius_applies=&#8220;bg&#8220; overflow=&#8220;visible&#8220; color_overlay=&#8220;#FFFFFF&#8220; overlay_strength=&#8220;0.8&#8243; gradient_direction=&#8220;left_to_right&#8220; shape_divider_position=&#8220;bottom&#8220; bg_image_animation=&#8220;none&#8220; gradient_type=&#8220;default&#8220; shape_type=&#8220;&#8220;][vc_column column_padding=&#8220;padding-6-percent&#8220;&#8230;<\/p>\n","protected":false},"author":1,"featured_media":0,"parent":0,"menu_order":0,"comment_status":"closed","ping_status":"closed","template":"","meta":{"footnotes":""},"class_list":["post-3273","page","type-page","status-publish"],"_links":{"self":[{"href":"https:\/\/shopcleanwave.com\/de\/wp-json\/wp\/v2\/pages\/3273","targetHints":{"allow":["GET"]}}],"collection":[{"href":"https:\/\/shopcleanwave.com\/de\/wp-json\/wp\/v2\/pages"}],"about":[{"href":"https:\/\/shopcleanwave.com\/de\/wp-json\/wp\/v2\/types\/page"}],"author":[{"embeddable":true,"href":"https:\/\/shopcleanwave.com\/de\/wp-json\/wp\/v2\/users\/1"}],"replies":[{"embeddable":true,"href":"https:\/\/shopcleanwave.com\/de\/wp-json\/wp\/v2\/comments?post=3273"}],"version-history":[{"count":25,"href":"https:\/\/shopcleanwave.com\/de\/wp-json\/wp\/v2\/pages\/3273\/revisions"}],"predecessor-version":[{"id":4573,"href":"https:\/\/shopcleanwave.com\/de\/wp-json\/wp\/v2\/pages\/3273\/revisions\/4573"}],"wp:attachment":[{"href":"https:\/\/shopcleanwave.com\/de\/wp-json\/wp\/v2\/media?parent=3273"}],"curies":[{"name":"wp","href":"https:\/\/api.w.org\/{rel}","templated":true}]}}