{"id":3254,"date":"2025-11-10T09:14:21","date_gmt":"2025-11-10T08:14:21","guid":{"rendered":"https:\/\/shopcleanwave.com\/datenschutz-und-cookies-richtlinie\/"},"modified":"2026-03-10T07:04:43","modified_gmt":"2026-03-10T06:04:43","slug":"datenschutz-und-cookies-richtlinie","status":"publish","type":"page","link":"https:\/\/shopcleanwave.com\/de\/datenschutz-und-cookies-richtlinie\/","title":{"rendered":"Datenschutz und Cookies-Richtlinie"},"content":{"rendered":"\n<p>Dieses Dokument enth\u00e4lt die Regeln f\u00fcr die Verarbeitung personenbezogener Daten (im Folgenden auch &#8222;Daten&#8220; genannt) und Cookies im Rahmen des Online-Shops <strong>cleanwavepolska.pl<\/strong>, der \u00fcber die Website unter der URL: cleanwavepolska.pl, im Folgenden als &#8222;Shop&#8220; bezeichnet.<\/p>\n\n<hr class=\"wp-block-separator has-alpha-channel-opacity\" \/>\n\n<h2 class=\"wp-block-heading\">Inhaltsverzeichnis<\/h2>\n\n<ul class=\"wp-block-list\">\n<li><a href=\"https:\/\/www.google.com\/search?q=%231-jak-skontaktowa%C4%87-si%C4%99-z-administratorem-danych&amp;authuser=1\" target=\"_blank\" rel=\"noreferrer noopener\">\u00a71. wie Sie den f\u00fcr die Datenverarbeitung Verantwortlichen kontaktieren k\u00f6nnen <\/a><\/li>\n\n\n\n<li><a href=\"https:\/\/www.google.com\/search?q=%232-na-jakiej-podstawie-przetwarzamy-dane-u%C5%BCytkownika&amp;authuser=1\" target=\"_blank\" rel=\"noreferrer noopener\">\u00a72 Auf welcher Grundlage verarbeiten wir Ihre Daten <\/a><\/li>\n\n\n\n<li><a href=\"https:\/\/www.google.com\/search?q=%233-informacje-o-przetwarzaniu-danych-w-celu-zawierania-i-wykonywania-um%C3%B3w-oraz-dochodzenia-i-obrony-przed-roszczeniami&amp;authuser=1\" target=\"_blank\" rel=\"noreferrer noopener\">\u00a73 Datenverarbeitung: Vertr\u00e4ge und Forderungen <\/a><\/li>\n\n\n\n<li><a href=\"https:\/\/www.google.com\/search?q=%234-informacje-o-przetwarzaniu-danych-w-celu-wysy%C5%82ki-newslettera&amp;authuser=1\" target=\"_blank\" rel=\"noreferrer noopener\">\u00a74 Newsletter <\/a><\/li>\n\n\n\n<li><a href=\"https:\/\/www.google.com\/search?q=%235-informacje-o-przetwarzaniu-danych-na-potrzeby-marketingu-bezpo%C5%9Bredniego&amp;authuser=1\" target=\"_blank\" rel=\"noreferrer noopener\">\u00a75 Direktmarketing <\/a><\/li>\n\n\n\n<li><a href=\"https:\/\/www.google.com\/search?q=%236-informacje-o-przetwarzaniu-danych-do-cel%C3%B3w-bezpiecze%C5%84stwa&amp;authuser=1\" target=\"_blank\" rel=\"noreferrer noopener\">\u00a76 Sicherheit <\/a><\/li>\n\n\n\n<li><a href=\"https:\/\/www.google.com\/search?q=%237-informacje-o-odbiorcach-danych&amp;authuser=1\" target=\"_blank\" rel=\"noreferrer noopener\">\u00a77 Empf\u00e4nger der Daten <\/a><\/li>\n\n\n\n<li><a href=\"https:\/\/www.google.com\/search?q=%238-informacje-o-przekazywaniu-danych-do-pa%C5%84stw-trzecich&amp;authuser=1\" target=\"_blank\" rel=\"noreferrer noopener\">\u00a78 \u00dcbermittlung von Daten an Drittl\u00e4nder <\/a><\/li>\n\n\n\n<li><a href=\"https:\/\/www.google.com\/search?q=%239-bezwzgl%C4%99dne-prawa-os%C3%B3b-kt%C3%B3rych-dane-dotycz%C4%85&amp;authuser=1\" target=\"_blank\" rel=\"noreferrer noopener\">\u00a79. Absolute Rechte der betroffenen Personen <\/a><\/li>\n\n\n\n<li><a href=\"https:\/\/www.google.com\/search?q=%2310-warunkowe-prawa-os%C3%B3b-kt%C3%B3rych-dane-dotycz%C4%85&amp;authuser=1\" target=\"_blank\" rel=\"noreferrer noopener\">\u00a710 Bedingte Rechte der betroffenen Personen <\/a><\/li>\n\n\n\n<li><a href=\"https:\/\/www.google.com\/search?q=%2311-pliki-cookie---wprowadzenie&amp;authuser=1\" target=\"_blank\" rel=\"noreferrer noopener\">\u00a711 &#8211; \u00a714 Cookies <\/a><\/li>\n\n\n\n<li><a href=\"https:\/\/www.google.com\/search?q=%2315-cache&amp;authuser=1\" target=\"_blank\" rel=\"noreferrer noopener\">\u00a715 &#8211; \u00a716 Zus\u00e4tzliche Technologien (Cache, Pixel Tags) <\/a><\/li>\n\n\n\n<li><a href=\"https:\/\/www.google.com\/search?q=%2317-linki-do-innych-stron-internetowych-lub-oprogramowania&amp;authuser=1\" target=\"_blank\" rel=\"noreferrer noopener\">\u00a717 &#8211; \u00a718 Links und Richtlinien\u00e4nderungen <\/a><\/li>\n<\/ul>\n\n<hr class=\"wp-block-separator has-alpha-channel-opacity\" \/>\n\n<h2 class=\"wp-block-heading\">\u00a71. KONTAKTAUFNAHME MIT DEM F\u00dcR DIE DATENVERARBEITUNG VERANTWORTLICHEN <\/h2>\n\n<p>Der Verwalter der im Shop verarbeiteten personenbezogenen Daten ist:<\/p>\n\n<p><strong>TECHWISH sp. z o.o.,<\/strong> mit Sitz in Rzeplin (55-020) bei LED 8. <\/p>\n\n<p>Das Unternehmen ist im Unternehmerregister des Nationalen Gerichtsregisters unter Nummern eingetragen:<\/p>\n\n<ul class=\"wp-block-list\">\n<li><strong>KRS:<\/strong> 0000838215<\/li>\n\n\n\n<li><strong>NIP:<\/strong> 8961594246<\/li>\n\n\n\n<li><strong>REGON:<\/strong> 385930203<\/li>\n<\/ul>\n\n<p>Das Unternehmen ist der Dienstleister, Controller und Eigent\u00fcmer des Shops. Die Kontaktaufnahme mit dem Datenverwalter ist \u00fcber die E-Mail-Adresse m\u00f6glich: <strong>hello@shopcleanwave.com.<\/strong> <\/p>\n\n<h2 class=\"wp-block-heading\">\u00a72. AUF WELCHER GRUNDLAGE WIR IHRE DATEN VERARBEITEN <\/h2>\n\n<p>Wenn wir personenbezogene Daten erheben, informieren wir Sie stets \u00fcber die Rechtsgrundlage f\u00fcr die Verarbeitung dieser Daten. Diese ergibt sich aus den Bestimmungen der RODO (Verordnung (EU) 2016\/679 des Europ\u00e4ischen Parlaments und des Rates vom 27. April 2016). Wenn wir uns auf:<\/p>\n\n<ul class=\"wp-block-list\">\n<li><strong>Artikel 6(1)(a) RODO<\/strong> &#8211; dies bedeutet, dass wir personenbezogene Daten auf der Grundlage einer erhaltenen Einwilligung verarbeiten.<\/li>\n\n\n\n<li><strong>Artikel 6(1)(b) RODO<\/strong> &#8211; das bedeutet, dass wir personenbezogene Daten verarbeiten, weil es f\u00fcr die Erf\u00fcllung eines Vertrags erforderlich ist oder um auf Ihren Wunsch hin vor Abschluss eines Vertrags t\u00e4tig zu werden.<\/li>\n\n\n\n<li><strong>Artikel 6(1)(c) RODO<\/strong> &#8211; dies bedeutet, dass wir personenbezogene Daten verarbeiten, um einer rechtlichen Verpflichtung nachzukommen.<\/li>\n\n\n\n<li><strong>Artikel 6(1)(f) RODO<\/strong> &#8211; dies bedeutet, dass wir personenbezogene Daten aus legitimen Interessen verarbeiten.<\/li>\n<\/ul>\n\n<h2 class=\"wp-block-heading\">\u00a73. INFORMATIONEN \u00dcBER DIE DATENVERARBEITUNG F\u00dcR DEN ABSCHLUSS UND DIE ERF\u00dcLLUNG VON VERTR\u00c4GEN SOWIE F\u00dcR DIE GELTENDMACHUNG UND ABWEHR VON ANSPR\u00dcCHEN <\/h2>\n\n<p>Wir k\u00f6nnen personenbezogene Daten verarbeiten, die f\u00fcr die Erf\u00fcllung des mit Ihnen geschlossenen Vertrags erforderlich sind. Aber auch vor dem Abschluss des Vertrags k\u00f6nnen wir personenbezogene Daten verarbeiten, die erforderlich sind, um auf Ihre Anfrage hin t\u00e4tig zu werden. Die Verarbeitung dieser Daten erfolgt auf der Grundlage von <strong>Artikel 6(1)(b) RODO<\/strong>.  <\/p>\n\n<p>W\u00e4hrend und nach der Erf\u00fcllung des Vertrages verarbeiten wir die personenbezogenen Daten einer Vertragspartei, um m\u00f6gliche Anspr\u00fcche zu bearbeiten und geltend zu machen. Unser berechtigtes Interesse besteht zum Beispiel darin, auf eine m\u00f6gliche Forderung reagieren zu k\u00f6nnen. In diesem Fall verarbeiten wir personenbezogene Daten auf der Grundlage eines berechtigten Interesses, n\u00e4mlich der Abwehr oder der Geltendmachung m\u00f6glicher Anspr\u00fcche. Die Verarbeitung dieser Daten erfolgt auf der Grundlage von <strong>Artikel 6(1)(f) RODO<\/strong>.   <\/p>\n\n<blockquote class=\"wp-block-quote is-layout-flow wp-block-quote-is-layout-flow\">\n<p><strong>Dauer der Speicherung:<\/strong> Wir werden die Daten so lange aufbewahren, wie es zur Erf\u00fcllung der angegebenen Zwecke erforderlich ist, jedoch nicht l\u00e4nger als bis zur Verj\u00e4hrung von Anspr\u00fcchen nach gesonderter Gesetzgebung.<\/p>\n<\/blockquote>\n\n<p>Die Angabe dieser Daten ist freiwillig, aber die Nichtbereitstellung verhindert den Abschluss oder die Ausf\u00fchrung des Vertrags.<\/p>\n\n<h2 class=\"wp-block-heading\">\u00a74. INFORMATIONEN ZUR DATENVERARBEITUNG F\u00dcR DEN VERSAND DES NEWSLETTERS <\/h2>\n\n<p>Wir bieten Ihnen die M\u00f6glichkeit, unseren Newsletter zu abonnieren. Wenn Sie diese Funktion genutzt haben, verarbeiten wir Ihre personenbezogenen Daten zum Zweck des Versands des Newsletters. Der Newsletter kann Werbung, kommerzielle oder Marketing-Inhalte enthalten. Wir verarbeiten diese Daten auf der Grundlage Ihrer Einwilligung und damit auf der Grundlage von <strong>Art. 6(1)(a) RODO<\/strong>.   <\/p>\n\n<p>Der Nutzer hat das Recht, seine Zustimmung jederzeit zu widerrufen. Der Widerruf der Einwilligung ber\u00fchrt jedoch nicht die Rechtm\u00e4\u00dfigkeit der Verarbeitung aufgrund der Einwilligung vor dem Widerruf. Wir bewahren Ihre Daten auf, bis Sie Ihre Einwilligung widerrufen.  <\/p>\n\n<p>Die Angabe dieser Daten ist freiwillig, aber wenn Sie dies nicht tun, wird der Newsletter nicht versendet.<\/p>\n\n<h2 class=\"wp-block-heading\">\u00a75. INFORMATIONEN ZUR DATENVERARBEITUNG F\u00dcR DIREKTMARKETINGZWECKE <\/h2>\n\n<p>Wir k\u00f6nnen Ihre personenbezogenen Daten f\u00fcr Direktmarketingzwecke verarbeiten. Dies geschieht zum Beispiel, wenn wir auf die Nachricht eines Nutzers mit Einzelheiten zu unserem Angebot antworten. Die Verarbeitung dieser Daten erfolgt auf der Grundlage von <strong>Artikel 6(1)(f) RODO<\/strong>.  <\/p>\n\n<p>Die Bereitstellung dieser Daten ist freiwillig, und die Nichtbereitstellung dieser Daten verhindert Direktmarketingaktivit\u00e4ten.<\/p>\n\n<h2 class=\"wp-block-heading\">\u00a76. INFORMATIONEN \u00dcBER DIE DATENVERARBEITUNG ZU SICHERHEITSZWECKEN <\/h2>\n\n<p>Seit dem Start unserer Website verarbeiten wir Daten wie:<\/p>\n\n<ul class=\"wp-block-list\">\n<li>die \u00f6ffentliche IP-Adresse des Ger\u00e4ts, von dem die Anfrage kam,<\/li>\n\n\n\n<li>Browsertyp und Sprache,<\/li>\n\n\n\n<li>Datum und Uhrzeit der Anfrage,<\/li>\n\n\n\n<li>Anzahl der vom Server gesendeten Bytes,<\/li>\n\n\n\n<li>die URL der zuvor besuchten Seite,<\/li>\n\n\n\n<li>Informationen \u00fcber Fehler, die w\u00e4hrend der Anfrage aufgetreten sind.<\/li>\n<\/ul>\n\n<p>Unser berechtigtes Interesse an dieser Verarbeitung besteht darin, Server-Ereignisprotokolle zu f\u00fchren und den Shop gegen m\u00f6gliche Hackerangriffe zu sichern. Die Verarbeitung dieser Daten erfolgt auf der Grundlage von <strong>Artikel 6(1)(f) RODO<\/strong>. <\/p>\n\n<p>Die Bereitstellung dieser Daten ist eine Bedingung f\u00fcr die Nutzung des Shops. Die Nichtbereitstellung dieser Daten macht es unm\u00f6glich, den Shop zu nutzen. <\/p>\n\n<h2 class=\"wp-block-heading\">\u00a77. INFORMATIONEN \u00dcBER DIE DATENEMPF\u00c4NGER <\/h2>\n\n<p>Bei der Verarbeitung personenbezogener Daten nutzen wir externe Dienste. Dementsprechend k\u00f6nnen Dritte Empf\u00e4nger Ihrer personenbezogenen Daten sein: <\/p>\n\n<ul class=\"wp-block-list\">\n<li><strong>Zustelldienstleister \/ Kuriere:<\/strong> DHL, DPD, FedEx, InPost, Rholig Suus, Poczta Polska<\/li>\n\n\n\n<li><strong>Hosting-Anbieter:<\/strong> WEBH.pl<\/li>\n\n\n\n<li><strong>E-Mail-Dienstanbieter:<\/strong> Google Inc. 1600 Amphitheatre Pkwy, Mountain View, CA 94043, Vereinigte Staaten. <\/li>\n\n\n\n<li><strong>Anbieter von Werbedienstleistungen:<\/strong> Google Inc. 1600 Amphitheatre Pkwy, Mountain View, CA 94043, Vereinigte Staaten. <\/li>\n\n\n\n<li><strong>Buchhaltungsdienstleister:<\/strong> I.T.A. Kancelaria Podatkowa Hruszowiec Jaros\u0142aw, Tadeusza Ko\u015bciuszki Stra\u00dfe 18, 58-100 \u015awidnica. <\/li>\n\n\n\n<li><strong>Anbieter von Rechts-\/Beratungs-\/Inkassodienstleistungen:<\/strong> Diese Dienstleister werden bei Bedarf von Fall zu Fall bestimmt.<\/li>\n\n\n\n<li><strong>Meinungsbildner:<\/strong> Ceneo.pl Sp. z o.o., 182 Grunwaldzka St., 60-166 Poznan  <\/li>\n\n\n\n<li><strong>Anbieter von elektronischen Zahlungsdiensten:<\/strong> UAB &#8222;ZEN.COM&#8220;, Lvivo g. 25-104, Vilnius, Litauen <\/li>\n\n\n\n<li><strong>\u00dcbersetzungsdienstleister:<\/strong> DeepL.<\/li>\n<\/ul>\n\n<h2 class=\"wp-block-heading\">\u00a78. INFORMATIONEN \u00dcBER DIE \u00dcBERMITTLUNG VON DATEN AN DRITTL\u00c4NDER <\/h2>\n\n<p>Da wir m\u00f6glicherweise internationale Anbieter (z. B. Google, Meta) nutzen, k\u00f6nnen Ihre personenbezogenen Daten au\u00dferhalb des Europ\u00e4ischen Wirtschaftsraums (EWR), insbesondere in die Vereinigten Staaten von Amerika (USA), \u00fcbertragen werden.<\/p>\n\n<p>Die \u00dcbermittlung von Daten erfolgt auf der Grundlage geeigneter rechtlicher Mechanismen, wie z.B. Beschl\u00fcsse der Europ\u00e4ischen Kommission, die ein angemessenes Datenschutzniveau best\u00e4tigen, oder von der Europ\u00e4ischen Kommission genehmigte Standardvertragsklauseln.<\/p>\n\n<h2 class=\"wp-block-heading\">\u00a79. ABSOLUTE RECHTE DER BETROFFENEN PERSONEN <\/h2>\n\n<p>Unabh\u00e4ngig von der Rechtsgrundlage f\u00fcr die Verarbeitung hat der Nutzer die folgenden Rechte:<\/p>\n\n<ol start=\"1\" class=\"wp-block-list\">\n<li><strong>Auskunftsrecht:<\/strong> das Recht, von uns eine Best\u00e4tigung dar\u00fcber zu erhalten, ob wir Ihre Daten verarbeiten und Informationen \u00fcber diese Verarbeitung zu erhalten (Artikel 15 der DSGVO).<\/li>\n\n\n\n<li><strong>Recht auf Berichtigung:<\/strong> das Recht, die unverz\u00fcgliche Berichtigung von unrichtigen Daten zu verlangen (Artikel 16 RODO).<\/li>\n\n\n\n<li><strong>Das Recht auf L\u00f6schung (&#8222;Recht auf Vergessenwerden&#8220;):<\/strong> Das Recht, die L\u00f6schung von Daten zu verlangen, wenn einer der in Artikel 17 der DSGVO genannten Umst\u00e4nde vorliegt. <\/li>\n\n\n\n<li><strong>Recht auf Einschr\u00e4nkung der Verarbeitung:<\/strong> das Recht, die Einschr\u00e4nkung der Verarbeitung in den in Artikel 18 RODO genannten F\u00e4llen zu verlangen. <\/li>\n\n\n\n<li>Recht auf <strong>Beschwerde:<\/strong> Sie haben das Recht, eine Beschwerde bei der Aufsichtsbeh\u00f6rde einzureichen: <em>Pr\u00e4sident des Amtes f\u00fcr den Schutz personenbezogener Daten, ul. Stawki 2, 00-193 Warschau<\/em>.<\/li>\n<\/ol>\n\n<h2 class=\"wp-block-heading\">\u00a710. BEDINGTE RECHTE DER BETROFFENEN PERSONEN <\/h2>\n\n<p>Der Nutzer hat auch Rechte, die von der Rechtsgrundlage f\u00fcr die Verarbeitung abh\u00e4ngen:<\/p>\n\n<ul class=\"wp-block-list\">\n<li><strong>Recht auf Widerruf der Zustimmung:<\/strong> Wenn Ihre Daten auf der Grundlage Ihrer Einwilligung verarbeitet werden, haben Sie das Recht, diese jederzeit zu widerrufen.<\/li>\n\n\n\n<li><strong>Recht auf Daten\u00fcbertragbarkeit:<\/strong> Wenn die Verarbeitung auf einer Einwilligung oder einem Vertrag beruht, haben Sie das Recht, die von Ihnen bereitgestellten Daten in einem strukturierten Format zu erhalten (Artikel 20 RODO).<\/li>\n\n\n\n<li><strong>Recht auf Widerspruch:<\/strong> Wenn Ihre Daten auf der Grundlage unseres berechtigten Interesses verarbeitet werden, haben Sie das Recht, Einspruch zu erheben (Artikel 21 RODO).<\/li>\n<\/ul>\n\n<h2 class=\"wp-block-heading\">\u00a711. COOKIES &#8211; EINF\u00dcHRUNG <\/h2>\n\n<p>Die Shop-Website verwendet Cookies. Dies sind kleine Textdateien, die auf dem Ger\u00e4t des Benutzers gespeichert werden. Wir unterscheiden zwischen den folgenden Arten von Cookies:  <\/p>\n\n<ul class=\"wp-block-list\">\n<li><strong>Wesentlich:<\/strong> Sie erm\u00f6glichen das ordnungsgem\u00e4\u00dfe Funktionieren des Shops. Ohne sie ist die Nutzung des Shops nicht m\u00f6glich. <\/li>\n\n\n\n<li><strong>Funktionell:<\/strong> Erm\u00f6glicht es Ihnen, sich Ihre Einstellungen zu merken und die Benutzeroberfl\u00e4che zu personalisieren.<\/li>\n\n\n\n<li><strong>Business \/ Marketing:<\/strong> Erm\u00f6glichen Sie Marketingaktivit\u00e4ten und Verkehrsanalysen.<\/li>\n<\/ul>\n\n<h2 class=\"wp-block-heading\">\u00a712. DATENVERANTWORTLICHE COOKIES <\/h2>\n\n<p>Die von uns verwalteten Cookies erm\u00f6glichen es uns, den Zugang zu authentifizieren, Ihre Sitzung aufrechtzuerhalten, den Shop zu sichern und den Inhalt Ihres Warenkorbs zu speichern.<\/p>\n\n<h2 class=\"wp-block-heading\">\u00a713. COOKIES VON DRITTEN <\/h2>\n\n<p>Wir verwenden Tools und Cookies von Drittanbietern, wie z.B. Google (Analytics, Ads) und Meta (Facebook Pixel). Die Verwendung dieser Tools unterliegt den Datenschutzrichtlinien dieser Unternehmen. <\/p>\n\n<h2 class=\"wp-block-heading\">\u00a714. ZUSTIMMUNG ZUR VERWENDUNG UND VERWALTUNG VON COOKIES <\/h2>\n\n<p>Die Zustimmung zur Verarbeitung von Cookies ist freiwillig und kann jederzeit widerrufen werden. Eine fehlende Zustimmung f\u00fcr einige Cookies kann jedoch die Funktionalit\u00e4t des Shops einschr\u00e4nken. Die Zustimmung kann \u00fcber die Einstellungen Ihres Browsers verwaltet werden.  <\/p>\n\n<h2 class=\"wp-block-heading\">\u00a715 CACHE <\/h2>\n\n<p>Wenn Sie die Shop-Website nutzen, verwenden wir m\u00f6glicherweise automatisch den auf Ihrem Ger\u00e4t installierten Cache, um das Laden der Website bei sp\u00e4teren Besuchen zu beschleunigen.<\/p>\n\n<h2 class=\"wp-block-heading\">\u00a716. Z\u00c4HLPIXEL <\/h2>\n\n<p>Wir k\u00f6nnen die Pixel-Tag-Technologie (z. B. Facebook Pixel) verwenden, um die Aktivit\u00e4ten auf der Website aufzuzeichnen und die Wirksamkeit der Werbung zu bewerten.<\/p>\n\n<h2 class=\"wp-block-heading\">\u00a717. LINKS ZU ANDEREN WEBSITES ODER SOFTWARE <\/h2>\n\n<p>Der Shop kann Links zu anderen Websites enthalten. Wir sind nicht verantwortlich f\u00fcr die Datenschutzrichtlinien dieser Websites. Wir empfehlen Ihnen, deren Datenschutzrichtlinien zu lesen.  <\/p>\n\n<h2 class=\"wp-block-heading\">\u00a718. \u00c4NDERUNGEN DER DATENSCHUTZ- UND COOKIE-RICHTLINIE <\/h2>\n\n<p>Die Richtlinie tritt an dem Tag in Kraft, an dem sie auf der Website des Shops ver\u00f6ffentlicht wird. Die Richtlinie wird ge\u00e4ndert, indem ihr neuer Inhalt auf der Website des Shops ver\u00f6ffentlicht wird. Informationen \u00fcber die \u00c4nderung werden auf der Website des Shops sp\u00e4testens 3 Tage vor Inkrafttreten des neuen Wortlauts ver\u00f6ffentlicht.  <\/p>\n","protected":false},"excerpt":{"rendered":"<p>Dieses Dokument enth\u00e4lt die Regeln f\u00fcr die Verarbeitung personenbezogener Daten (im Folgenden auch &#8222;Daten&#8220; genannt) und Cookies im Rahmen des Online-Shops cleanwavepolska.pl, der \u00fcber die Website unter der URL: cleanwavepolska.pl,&#8230;<\/p>\n","protected":false},"author":1,"featured_media":0,"parent":0,"menu_order":0,"comment_status":"closed","ping_status":"open","template":"","meta":{"footnotes":""},"class_list":["post-3254","page","type-page","status-publish"],"_links":{"self":[{"href":"https:\/\/shopcleanwave.com\/de\/wp-json\/wp\/v2\/pages\/3254","targetHints":{"allow":["GET"]}}],"collection":[{"href":"https:\/\/shopcleanwave.com\/de\/wp-json\/wp\/v2\/pages"}],"about":[{"href":"https:\/\/shopcleanwave.com\/de\/wp-json\/wp\/v2\/types\/page"}],"author":[{"embeddable":true,"href":"https:\/\/shopcleanwave.com\/de\/wp-json\/wp\/v2\/users\/1"}],"replies":[{"embeddable":true,"href":"https:\/\/shopcleanwave.com\/de\/wp-json\/wp\/v2\/comments?post=3254"}],"version-history":[{"count":2,"href":"https:\/\/shopcleanwave.com\/de\/wp-json\/wp\/v2\/pages\/3254\/revisions"}],"predecessor-version":[{"id":3866,"href":"https:\/\/shopcleanwave.com\/de\/wp-json\/wp\/v2\/pages\/3254\/revisions\/3866"}],"wp:attachment":[{"href":"https:\/\/shopcleanwave.com\/de\/wp-json\/wp\/v2\/media?parent=3254"}],"curies":[{"name":"wp","href":"https:\/\/api.w.org\/{rel}","templated":true}]}}